{"id":261,"date":"2023-07-25T13:03:53","date_gmt":"2023-07-25T11:03:53","guid":{"rendered":"https:\/\/holahausinmobiliaria.es\/?page_id=261"},"modified":"2026-02-10T13:27:18","modified_gmt":"2026-02-10T12:27:18","slug":"politica-de-cookies","status":"publish","type":"page","link":"https:\/\/holahausinmobiliaria.es\/en\/politica-de-cookies\/","title":{"rendered":"Pol\u00edtica de Cookies"},"content":{"rendered":"<div data-elementor-type=\"wp-page\" data-elementor-id=\"261\" class=\"elementor elementor-261\">\n\t\t\t\t<div class=\"elementor-element elementor-element-3fef5b2 e-con-full e-flex e-con e-parent\" data-id=\"3fef5b2\" data-element_type=\"container\" data-e-type=\"container\" data-settings=\"{&quot;background_background&quot;:&quot;classic&quot;}\">\n\t\t\t\t<\/div>\n\t\t<div class=\"elementor-element elementor-element-62a88df hh-hero--bg e-flex e-con-boxed e-con e-parent\" data-id=\"62a88df\" data-element_type=\"container\" data-e-type=\"container\" data-settings=\"{&quot;background_background&quot;:&quot;classic&quot;}\">\n\t\t\t\t\t<div class=\"e-con-inner\">\n\t\t<div class=\"elementor-element elementor-element-bd6a6e1 e-con-full e-flex e-con e-child\" data-id=\"bd6a6e1\" data-element_type=\"container\" data-e-type=\"container\">\n\t\t<div class=\"elementor-element elementor-element-d1f9120 e-con-full e-flex e-con e-child\" data-id=\"d1f9120\" data-element_type=\"container\" data-e-type=\"container\">\n\t\t<div class=\"elementor-element elementor-element-a3db9a9 e-con-full e-flex e-con e-child\" data-id=\"a3db9a9\" data-element_type=\"container\" data-e-type=\"container\" data-settings=\"{&quot;background_background&quot;:&quot;classic&quot;}\">\n\t\t\t\t<div class=\"elementor-element elementor-element-1d66af5 elementor-icon-list--layout-inline elementor-list-item-link-full_width elementor-widget elementor-widget-icon-list\" data-id=\"1d66af5\" data-element_type=\"widget\" data-e-type=\"widget\" data-widget_type=\"icon-list.default\">\n\t\t\t\t\t\t\t<ul class=\"elementor-icon-list-items elementor-inline-items\">\n\t\t\t\t\t\t\t<li class=\"elementor-icon-list-item elementor-inline-item\">\n\t\t\t\t\t\t\t\t\t\t\t<span class=\"elementor-icon-list-icon\">\n\t\t\t\t\t\t\t<svg aria-hidden=\"true\" class=\"e-font-icon-svg e-fas-shield-alt\" viewbox=\"0 0 512 512\" xmlns=\"http:\/\/www.w3.org\/2000\/svg\"><path d=\"M466.5 83.7l-192-80a48.15 48.15 0 0 0-36.9 0l-192 80C27.7 91.1 16 108.6 16 128c0 198.5 114.5 335.7 221.5 380.3 11.8 4.9 25.1 4.9 36.9 0C360.1 472.6 496 349.3 496 128c0-19.4-11.7-36.9-29.5-44.3zM256.1 446.3l-.1-381 175.9 73.3c-3.3 151.4-82.1 261.1-175.8 307.7z\"><\/path><\/svg>\t\t\t\t\t\t<\/span>\n\t\t\t\t\t\t\t\t\t\t<span class=\"elementor-icon-list-text\">Informaci\u00f3n Legal<\/span>\n\t\t\t\t\t\t\t\t\t<\/li>\n\t\t\t\t\t\t<\/ul>\n\t\t\t\t\t\t<\/div>\n\t\t\t\t<\/div>\n\t\t\t\t<div class=\"elementor-element elementor-element-387d408 elementor-widget-tablet__width-initial elementor-widget__width-initial elementor-widget elementor-widget-heading\" data-id=\"387d408\" data-element_type=\"widget\" data-e-type=\"widget\" data-widget_type=\"heading.default\">\n\t\t\t\t\t<h1 class=\"elementor-heading-title elementor-size-default\">Pol\u00edtica de Cookies<span style=\"color: #FF4A60\"> &amp;<\/span> Local storage<\/h1>\t\t\t\t<\/div>\n\t\t\t\t<div class=\"elementor-element elementor-element-10b7383 elementor-widget elementor-widget-text-editor\" data-id=\"10b7383\" data-element_type=\"widget\" data-e-type=\"widget\" data-widget_type=\"text-editor.default\">\n\t\t\t\t\t\t\t\t\t<p>In Hello Haus we value your privacy and we are committed to protecting your<br \/>datos personales. Aqu\u00ed encontrar\u00e1s toda la informaci\u00f3n sobre c\u00f3mo recopilamos,<br \/>usamos y protegemos tu informaci\u00f3n.<\/p>\t\t\t\t\t\t\t\t<\/div>\n\t\t\t\t<\/div>\n\t\t\t\t<\/div>\n\t\t\t\t\t<\/div>\n\t\t\t\t<\/div>\n\t\t\t\t<section class=\"elementor-section elementor-top-section elementor-element elementor-element-3fa5abd1 elementor-section-boxed elementor-section-height-default elementor-section-height-default\" data-id=\"3fa5abd1\" data-element_type=\"section\" data-e-type=\"section\">\n\t\t\t\t\t\t<div class=\"elementor-container elementor-column-gap-default\">\n\t\t\t\t\t<div class=\"elementor-column elementor-col-100 elementor-top-column elementor-element elementor-element-6fc3f76a\" data-id=\"6fc3f76a\" data-element_type=\"column\" data-e-type=\"column\">\n\t\t\t<div class=\"elementor-widget-wrap elementor-element-populated\">\n\t\t\t\t\t\t<div class=\"elementor-element elementor-element-2f07e27c elementor-widget elementor-widget-text-editor\" data-id=\"2f07e27c\" data-element_type=\"widget\" data-e-type=\"widget\" data-widget_type=\"text-editor.default\">\n\t\t\t\t\t\t\t\t\t<h1>POL\u00cdTICA DE COOKIES Y ALMACENAMIENTO LOCAL<\/h1><p>La presente pol\u00edtica de cookies y almacenamiento local tiene por finalidad informarle de manera clara y precisa sobre las cookies que se utilizan en nuestro Sitio Web (la \u00abPol\u00edtica de Cookies y Almacenamiento Local\u00ab) y forma parte, junto con la Pol\u00edtica de privacidad de los T\u00e9rminos y Condiciones de Uso del sitio web alojado bajo el nombre de dominio\u00a0<a href=\"https:\/\/tiko.es\/\" target=\"_blank\" rel=\"noopener noreferrer\" data-saferedirecturl=\"https:\/\/www.google.com\/url?q=https:\/\/tiko.es\/&amp;source=gmail&amp;ust=1690368579291000&amp;usg=AOvVaw0kES2OICzs32YFbcq_cxMJ\">https:\/\/<wbr \/>holahausinmobiliaria.is\/<\/a>\u00a0(el \u00abSitio Web\u00ab).<\/p><h2>\u00bfQu\u00e9 es una cookie?<\/h2><p>Una cookie es un peque\u00f1o fichero de informaci\u00f3n creado por el Sitio Web que se visita y utiliza y guarda informaci\u00f3n en el ordenador o dispositivo del usuario para proporcionar acceso a las distintas funciones que ofrecen.<\/p><h2>\u00bfQu\u00e9 es el almacenamiento local?<\/h2><p>Esta tecnolog\u00eda permite almacenar un archivo en nuestra computadora o dispositivo m\u00f3vil, lo que se guarda ya no es una cookie sino archivos m\u00e1s grandes como por ejemplo p\u00e1ginas web y otros archivos que pueden ser temporales o no.<\/p><p>Algunas webs utilizan almacenamientos locales llamados \u00absessionstorage\u00bb y \u00ablocalstorage\u00bb para guardar informaci\u00f3n; \u00absessionstorage\u00bb se borra autom\u00e1ticamente cuando se cierra el programa navegador; en cambio para borrar el \u00ablocalstorage\u00bb el usuario debe borrar el historial de la navegaci\u00f3n.<\/p><p>Son \u00fatiles para que los sitios web carguen m\u00e1s r\u00e1pido, sobre todo si se guardan tambi\u00e9n im\u00e1genes y scripts pesados que necesitan dichos sitios. Del mismo modo las aplicaciones pueden guardar archivos o recursos que van a necesitar para una r\u00e1pida ejecuci\u00f3n.<\/p><h2>\u00bfPor qu\u00e9 utilizamos cookies?<\/h2><p>Utilizamos cookies para obtener m\u00e1s informaci\u00f3n sobre la forma en que los usuarios utilizan nuestros contenidos y nos ayudan a mejorar su experiencia cuando visitan nuestro Sitio Web.<\/p><h2>\u00bfQu\u00e9 informaci\u00f3n nos facilitan las cookies?<\/h2><p>En concreto nuestras cookies nos facilitan la siguiente informaci\u00f3n:<\/p><ol><li>The domain name of the provider that gives you access to the network. For example, if your provider is XXX, you just identify with the domain\u00a0<a href=\"http:\/\/xxx.es\/\" target=\"_blank\" rel=\"noopener\" data-saferedirecturl=\"https:\/\/www.google.com\/url?q=http:\/\/xxx.es&amp;source=gmail&amp;ust=1690368579291000&amp;usg=AOvVaw0NxFXn4fpcsohtwsVxAloo\">xxx.is<\/a>. De esta manera podemos elaborar estad\u00edsticas sobre los pa\u00edses y servidores que visitan m\u00e1s a menudo nuestro Sitio Web.<\/li><li>La fecha y hora de acceso a nuestro Sitio Web y el tiempo que permanece en ella cada usuario. Ello nos permite averiguar las horas de m\u00e1s afluencia, y hacer los ajustes precisos para evitar problemas de saturaci\u00f3n.<\/li><li>La direcci\u00f3n de internet desde la que parti\u00f3 el link que dirige a nuestro Sitio Web. Gracias a este dato, podemos conocer la efectividad de los distintos banners y enlaces que apuntan a nuestro servidor, con el fin de potenciar los que ofrezcan mejores resultados, en orden a satisfacer las necesidades de informaci\u00f3n de nuestros usuarios.<\/li><li>El n\u00famero de visitantes diarios de cada contenido. Ello nos permite conocer las \u00e1reas de m\u00e1s \u00e9xito y aumentar y mejorar su contenido, con el fin de que los usuarios obtengan una informaci\u00f3n m\u00e1s satisfactoria. La informaci\u00f3n obtenida es totalmente an\u00f3nima, lo que significa que no puede ser asociada a un usuario concreto e identificado.<\/li><li>The language selected by each user on their first visit to the Website and the restricted space.<\/li><li>Elementos de seguridad que intervienen en el control de acceso a las \u00e1reas restringidas.<\/li><li>La actividad del usuario dentro del Sitio Web: enlaces y lugares en los que hace clic, p\u00e1ginas que visita, b\u00fasquedas, etc. Ello nos permite mejorar las funcionalidades del Sitio Web y hacerlo m\u00e1s atractivo y \u00fatil para el usuario.<\/li><\/ol><p>La informaci\u00f3n a la que tenemos acceso a trav\u00e9s de las cookies nos permite personalizar los contenidos en funci\u00f3n de los intereses de los usuarios, pero, en ning\u00fan caso, nuestras cookies nos permiten obtener datos de car\u00e1cter personal, ni tampoco pueden leer datos u otras cookies que existan en el equipo del usuario.<\/p><h2>Types of cookies<\/h2><p>In the Web Site uses the following types of cookies:<\/p><p>Seg\u00fan la entidad que las gestione:<\/p><ol><li>Propias: Son aquellas que se env\u00edan al equipo terminal del usuario desde un equipo o dominio gestionado por el propio editor y desde el que se presta el servicio solicitado por el usuario.<\/li><li>De terceros: Son aquellas que se env\u00edan al equipo terminal del usuario desde un equipo o dominio que no es gestionado por el propio editor, sino por otra entidad que trata los datos obtenidos a trav\u00e9s de las cookies.<\/li><\/ol><p>Seg\u00fan el plazo de tiempo que permanecen activas:<\/p><ol><li>Cookies de sesi\u00f3n: Son un tipo de cookies dise\u00f1adas para recabar y almacenar datos mientras el usuario accede a una p\u00e1gina web. Expiran una vez el usuario abandona la p\u00e1gina web.<\/li><li>Cookies persistentes: Son un tipo de cookies en el que los datos siguen almacenados en el terminal y pueden ser accedidos y tratados durante un per\u00edodo de tiempo definido por el responsable de la cookie, y que puede ir de unos minutos a unos a\u00f1os.<\/li><\/ol><p>Seg\u00fan su finalidad:<\/p><ol><li>Cookies t\u00e9cnicas: Permiten al usuario la navegaci\u00f3n a trav\u00e9s de la p\u00e1gina web y la utilizaci\u00f3n de sus diferentes opciones o servicios.<\/li><li>Cookies de an\u00e1lisis: Permiten cuantificar el n\u00famero de usuarios y el tiempo de conexi\u00f3n de los mismos y as\u00ed realizar la medici\u00f3n y an\u00e1lisis estad\u00edstico de la utilizaci\u00f3n que hacen de los servicios ofertados con el fin de mejorar la oferta que se ofrece a los usuarios.<\/li><li>Cookies de sesi\u00f3n: Las cookies de sesi\u00f3n permiten a los usuarios ser reconocidos en un sitio web de forma que cualquier cambio que realices, art\u00edculo que selecciones o dato que introduzcas se recuerda de una a otra p\u00e1gina.<p>Al navegar y continuar en nuestro Sitio Web estar\u00e1 consintiendo el uso de las cookies antes enunciadas y similares, por los plazos se\u00f1alados y en las condiciones contenidas en la presente Pol\u00edtica de Cookies y Almacenamiento Local.<\/p><h2>\u00bfC\u00f3mo se rechazan las cookies?<\/h2><p>Le informamos de que, dado que las cookies no son necesarias para el uso de nuestro Sitio Web, puede bloquearlas o deshabilitarlas activando la configuraci\u00f3n de su navegador que le permite rechazar la instalaci\u00f3n de todas las cookies o de algunas de ellas. La pr\u00e1ctica mayor\u00eda de los navegadores permiten advertir de la presencia de cookies o rechazarlas autom\u00e1ticamente. Si las rechaza podr\u00e1 seguir usando nuestro Sitio Web, aunque el uso de algunos de sus servicios podr\u00e1 ser limitado y por tanto su experiencia en nuestro Sitio Web menos satisfactoria.<\/p><p>Si quisiese retirar en cualquier momento su consentimiento relacionado con la presente Pol\u00edtica de Cookies y Almacenamiento Local, deber\u00e1 eliminar las cookies almacenadas en su equipo (ordenador o dispositivo m\u00f3vil) a trav\u00e9s de los ajustes y configuraciones de su navegador de Internet.<\/p><p>Para mayor informaci\u00f3n sobre la eliminaci\u00f3n, deshabilitaci\u00f3n o bloqueo de las cookies por favor visite:\u00a0\u00a0<a href=\"http:\/\/www.allaboutcookies.org\/es\/administrar-las-cookies\/\" target=\"_blank\" rel=\"noopener noreferrer\" data-saferedirecturl=\"https:\/\/www.google.com\/url?q=http:\/\/www.allaboutcookies.org\/es\/administrar-las-cookies\/&amp;source=gmail&amp;ust=1690368579291000&amp;usg=AOvVaw3g_Yv5lv3qyZw_2UdRwu9X\">http:\/\/www.<wbr \/>allaboutcookies.org\/es\/<wbr \/>manage-the-cookies\/<\/a><\/p><p>Salvo que haya ajustado la configuraci\u00f3n de su navegador, nuestro sistema crear\u00e1 cookies en cuanto visite nuestro Sitio Web. Tenga presente que todos los navegadores de Internet permiten el cambio de dicha configuraci\u00f3n. Para m\u00e1s informaci\u00f3n sobre la forma de ajustar sus configuraciones de cookies en los siguientes navegadores, le remitimos al enlace pertinente:<\/p><ul><li>Internet Explorer:\u00a0<a href=\"http:\/\/windows.microsoft.com\/es-xl\/internet-explorer\/delete-manage-cookies#ie=ie-10\" target=\"_blank\" rel=\"noopener noreferrer\" data-saferedirecturl=\"https:\/\/www.google.com\/url?q=http:\/\/windows.microsoft.com\/es-xl\/internet-explorer\/delete-manage-cookies%23ie%3Die-10&amp;source=gmail&amp;ust=1690368579291000&amp;usg=AOvVaw2XW0gl03viLUhrsSJwVe1-\">http:\/\/windows.<wbr \/>microsoft.com\/es-xl\/internet-<wbr \/>explorer\/delete-manage-<wbr \/>cookies#ie=ie-10<\/a><\/li><li>FireFox:\u00a0<a href=\"http:\/\/support.mozilla.org\/es\/kb\/habilitar-y-deshabilitar-cookies-que-los-sitios-we\" target=\"_blank\" rel=\"noopener noreferrer\" data-saferedirecturl=\"https:\/\/www.google.com\/url?q=http:\/\/support.mozilla.org\/es\/kb\/habilitar-y-deshabilitar-cookies-que-los-sitios-we&amp;source=gmail&amp;ust=1690368579291000&amp;usg=AOvVaw3xCVq05A6DnkDay8Ekrx9Z\">http:\/\/support.<wbr \/>mozilla.org\/es\/kb\/habilitar-y-<wbr \/>disable-cookies-that-the-<wbr \/>sites-we<\/a>.<\/li><li>Chrome:\u00a0<a href=\"https:\/\/support.google.com\/chrome\/answer\/95647?hl=es\" target=\"_blank\" rel=\"noopener noreferrer\" data-saferedirecturl=\"https:\/\/www.google.com\/url?q=https:\/\/support.google.com\/chrome\/answer\/95647?hl%3Des&amp;source=gmail&amp;ust=1690368579291000&amp;usg=AOvVaw0oI7rWglnjQM7PRsJQWK12\">https:\/\/support.<wbr \/>google.com\/chrome\/answer\/<wbr \/>95647?hl=en<\/a>.<\/li><li>Safari:\u00a0<a href=\"https:\/\/www.apple.com\/legal\/privacy\/es-la\/cookies\/\" target=\"_blank\" rel=\"noopener noreferrer\" data-saferedirecturl=\"https:\/\/www.google.com\/url?q=https:\/\/www.apple.com\/legal\/privacy\/es-la\/cookies\/&amp;source=gmail&amp;ust=1690368579291000&amp;usg=AOvVaw2OITXejh-Scbd7X5mn1bs7\">https:\/\/www.apple.com\/<wbr \/>legal\/privacy\/is-\/cookies\/<\/a>.<\/li><\/ul><p>Tambi\u00e9n puede gestionar el almac\u00e9n de cookies desde otras herramientas como:<\/p><p>Ghostery:\u00a0<a href=\"https:\/\/www.ghostery.com\/\" target=\"_blank\" rel=\"noopener noreferrer\" data-saferedirecturl=\"https:\/\/www.google.com\/url?q=https:\/\/www.ghostery.com\/&amp;source=gmail&amp;ust=1690368579291000&amp;usg=AOvVaw0WI_DYDvnDGGcd2oBT5Nee\">www.ghostery.com<\/a>.<\/p><p>Your online choices:\u00a0<a href=\"http:\/\/www.youronlinechoices.com\/es\" target=\"_blank\" rel=\"noopener noreferrer\" data-saferedirecturl=\"https:\/\/www.google.com\/url?q=http:\/\/www.youronlinechoices.com\/es&amp;source=gmail&amp;ust=1690368579291000&amp;usg=AOvVaw0tlypfB6nZLeYLF8AFjmrP\">www.<wbr \/>youronlinechoices.com\/es<\/a>.<\/p><p>Parte de la informaci\u00f3n puede guardarse en el almacenamiento local de tu navegador. Para borrar los datos guardados en el almacenamiento local del navegador, debes borrar el historial de navegaci\u00f3n. Por favor revisa la p\u00e1gina de ayuda de tu navegador.<\/p><h2>Cambios en la Pol\u00edtica de Cookies y Almacenamiento Local<\/h2><p>Es posible que actualicemos la Pol\u00edtica de Cookies y Almacenamiento Local de nuestro Sitio Web, por ello le recomendamos revisar esta pol\u00edtica cada vez que acceda a nuestro Sitio Web con el objetivo de estar adecuadamente informado sobre c\u00f3mo y para qu\u00e9 usamos las cookies.<\/p><\/li><\/ol><p><!-- \/wp:paragraph --><\/p>\t\t\t\t\t\t\t\t<\/div>\n\t\t\t\t\t<\/div>\n\t\t<\/div>\n\t\t\t\t\t<\/div>\n\t\t<\/section>\n\t\t\t\t<\/div>","protected":false},"excerpt":{"rendered":"<p>Informaci\u00f3n Legal Pol\u00edtica de Cookies &amp; Almacenamiento local En Hola Haus valoramos tu privacidad y nos comprometemos a proteger tusdatos personales. Aqu\u00ed encontrar\u00e1s toda la informaci\u00f3n sobre c\u00f3mo recopilamos,usamos y protegemos tu informaci\u00f3n. POL\u00cdTICA DE COOKIES Y ALMACENAMIENTO LOCAL La presente pol\u00edtica de cookies y almacenamiento local tiene por finalidad informarle de manera clara y [&hellip;]<\/p>\n","protected":false},"author":1,"featured_media":0,"parent":0,"menu_order":0,"comment_status":"closed","ping_status":"closed","template":"","meta":{"footnotes":""},"class_list":["post-261","page","type-page","status-publish","hentry"],"yoast_head":"<!-- This site is optimized with the Yoast SEO plugin v27.1.1 - https:\/\/yoast.com\/product\/yoast-seo-wordpress\/ -->\n<title>Pol\u00edtica de Cookies - Hola Haus<\/title>\n<meta name=\"robots\" content=\"index, follow, max-snippet:-1, max-image-preview:large, max-video-preview:-1\" \/>\n<link rel=\"canonical\" href=\"https:\/\/holahausinmobiliaria.es\/en\/politica-de-cookies\/\" \/>\n<meta property=\"og:locale\" content=\"en_US\" \/>\n<meta property=\"og:type\" content=\"article\" \/>\n<meta property=\"og:title\" content=\"Pol\u00edtica de Cookies - Hola Haus\" \/>\n<meta property=\"og:description\" content=\"Informaci\u00f3n Legal Pol\u00edtica de Cookies &amp; Almacenamiento local En Hola Haus valoramos tu privacidad y nos comprometemos a proteger tusdatos personales. Aqu\u00ed encontrar\u00e1s toda la informaci\u00f3n sobre c\u00f3mo recopilamos,usamos y protegemos tu informaci\u00f3n. POL\u00cdTICA DE COOKIES Y ALMACENAMIENTO LOCAL La presente pol\u00edtica de cookies y almacenamiento local tiene por finalidad informarle de manera clara y [&hellip;]\" \/>\n<meta property=\"og:url\" content=\"https:\/\/holahausinmobiliaria.es\/en\/politica-de-cookies\/\" \/>\n<meta property=\"og:site_name\" content=\"Hola Haus\" \/>\n<meta property=\"article:publisher\" content=\"https:\/\/www.facebook.com\/holahausinmobiliaria\" \/>\n<meta property=\"article:modified_time\" content=\"2026-02-10T12:27:18+00:00\" \/>\n<meta property=\"og:image\" content=\"https:\/\/holahausinmobiliaria.es\/wp-content\/uploads\/2023\/07\/cropped-Logo_1-1.png\" \/>\n\t<meta property=\"og:image:width\" content=\"1080\" \/>\n\t<meta property=\"og:image:height\" content=\"309\" \/>\n\t<meta property=\"og:image:type\" content=\"image\/png\" \/>\n<meta name=\"twitter:card\" content=\"summary_large_image\" \/>\n<meta name=\"twitter:label1\" content=\"Est. reading time\" \/>\n\t<meta name=\"twitter:data1\" content=\"6 minutes\" \/>\n<script type=\"application\/ld+json\" class=\"yoast-schema-graph\">{\"@context\":\"https:\/\/schema.org\",\"@graph\":[{\"@type\":\"WebPage\",\"@id\":\"https:\/\/holahausinmobiliaria.es\/politica-de-cookies\/\",\"url\":\"https:\/\/holahausinmobiliaria.es\/politica-de-cookies\/\",\"name\":\"Pol\u00edtica de Cookies - Hola Haus\",\"isPartOf\":{\"@id\":\"https:\/\/holahausinmobiliaria.es\/#website\"},\"datePublished\":\"2023-07-25T11:03:53+00:00\",\"dateModified\":\"2026-02-10T12:27:18+00:00\",\"breadcrumb\":{\"@id\":\"https:\/\/holahausinmobiliaria.es\/politica-de-cookies\/#breadcrumb\"},\"inLanguage\":\"en-US\",\"potentialAction\":[{\"@type\":\"ReadAction\",\"target\":[\"https:\/\/holahausinmobiliaria.es\/politica-de-cookies\/\"]}]},{\"@type\":\"BreadcrumbList\",\"@id\":\"https:\/\/holahausinmobiliaria.es\/politica-de-cookies\/#breadcrumb\",\"itemListElement\":[{\"@type\":\"ListItem\",\"position\":1,\"name\":\"Portada\",\"item\":\"https:\/\/holahausinmobiliaria.es\/\"},{\"@type\":\"ListItem\",\"position\":2,\"name\":\"Pol\u00edtica de Cookies\"}]},{\"@type\":\"WebSite\",\"@id\":\"https:\/\/holahausinmobiliaria.es\/#website\",\"url\":\"https:\/\/holahausinmobiliaria.es\/\",\"name\":\"H\u00e1blanos, te escuchamos.\",\"description\":\"Propiedades \u00fanicas, experiencias memorables\",\"publisher\":{\"@id\":\"https:\/\/holahausinmobiliaria.es\/#organization\"},\"alternateName\":\"Expertos en servicio al cliente\",\"potentialAction\":[{\"@type\":\"SearchAction\",\"target\":{\"@type\":\"EntryPoint\",\"urlTemplate\":\"https:\/\/holahausinmobiliaria.es\/?s={search_term_string}\"},\"query-input\":{\"@type\":\"PropertyValueSpecification\",\"valueRequired\":true,\"valueName\":\"search_term_string\"}}],\"inLanguage\":\"en-US\"},{\"@type\":\"Organization\",\"@id\":\"https:\/\/holahausinmobiliaria.es\/#organization\",\"name\":\"Hola Haus\",\"url\":\"https:\/\/holahausinmobiliaria.es\/\",\"logo\":{\"@type\":\"ImageObject\",\"inLanguage\":\"en-US\",\"@id\":\"https:\/\/holahausinmobiliaria.es\/#\/schema\/logo\/image\/\",\"url\":\"https:\/\/holahausinmobiliaria.es\/wp-content\/uploads\/2023\/11\/131x24-logo.png\",\"contentUrl\":\"https:\/\/holahausinmobiliaria.es\/wp-content\/uploads\/2023\/11\/131x24-logo.png\",\"width\":106,\"height\":24,\"caption\":\"Hola Haus\"},\"image\":{\"@id\":\"https:\/\/holahausinmobiliaria.es\/#\/schema\/logo\/image\/\"},\"sameAs\":[\"https:\/\/www.facebook.com\/holahausinmobiliaria\",\"https:\/\/www.youtube.com\/@holahaus\",\"https:\/\/www.instagram.com\/holahausinmobiliaria\/\"]}]}<\/script>\n<!-- \/ Yoast SEO plugin. -->","yoast_head_json":{"title":"Pol\u00edtica de Cookies - Hola Haus","robots":{"index":"index","follow":"follow","max-snippet":"max-snippet:-1","max-image-preview":"max-image-preview:large","max-video-preview":"max-video-preview:-1"},"canonical":"https:\/\/holahausinmobiliaria.es\/en\/politica-de-cookies\/","og_locale":"en_US","og_type":"article","og_title":"Pol\u00edtica de Cookies - Hola Haus","og_description":"Informaci\u00f3n Legal Pol\u00edtica de Cookies &amp; Almacenamiento local En Hola Haus valoramos tu privacidad y nos comprometemos a proteger tusdatos personales. Aqu\u00ed encontrar\u00e1s toda la informaci\u00f3n sobre c\u00f3mo recopilamos,usamos y protegemos tu informaci\u00f3n. POL\u00cdTICA DE COOKIES Y ALMACENAMIENTO LOCAL La presente pol\u00edtica de cookies y almacenamiento local tiene por finalidad informarle de manera clara y [&hellip;]","og_url":"https:\/\/holahausinmobiliaria.es\/en\/politica-de-cookies\/","og_site_name":"Hola Haus","article_publisher":"https:\/\/www.facebook.com\/holahausinmobiliaria","article_modified_time":"2026-02-10T12:27:18+00:00","og_image":[{"width":1080,"height":309,"url":"https:\/\/holahausinmobiliaria.es\/wp-content\/uploads\/2023\/07\/cropped-Logo_1-1.png","type":"image\/png"}],"twitter_card":"summary_large_image","twitter_misc":{"Est. reading time":"6 minutes"},"schema":{"@context":"https:\/\/schema.org","@graph":[{"@type":"WebPage","@id":"https:\/\/holahausinmobiliaria.es\/politica-de-cookies\/","url":"https:\/\/holahausinmobiliaria.es\/politica-de-cookies\/","name":"Pol\u00edtica de Cookies - Hola Haus","isPartOf":{"@id":"https:\/\/holahausinmobiliaria.es\/#website"},"datePublished":"2023-07-25T11:03:53+00:00","dateModified":"2026-02-10T12:27:18+00:00","breadcrumb":{"@id":"https:\/\/holahausinmobiliaria.es\/politica-de-cookies\/#breadcrumb"},"inLanguage":"en-US","potentialAction":[{"@type":"ReadAction","target":["https:\/\/holahausinmobiliaria.es\/politica-de-cookies\/"]}]},{"@type":"BreadcrumbList","@id":"https:\/\/holahausinmobiliaria.es\/politica-de-cookies\/#breadcrumb","itemListElement":[{"@type":"ListItem","position":1,"name":"Portada","item":"https:\/\/holahausinmobiliaria.es\/"},{"@type":"ListItem","position":2,"name":"Pol\u00edtica de Cookies"}]},{"@type":"WebSite","@id":"https:\/\/holahausinmobiliaria.es\/#website","url":"https:\/\/holahausinmobiliaria.es\/","name":"H\u00e1blanos, te escuchamos.","description":"Propiedades \u00fanicas, experiencias memorables","publisher":{"@id":"https:\/\/holahausinmobiliaria.es\/#organization"},"alternateName":"Expertos en servicio al cliente","potentialAction":[{"@type":"SearchAction","target":{"@type":"EntryPoint","urlTemplate":"https:\/\/holahausinmobiliaria.es\/?s={search_term_string}"},"query-input":{"@type":"PropertyValueSpecification","valueRequired":true,"valueName":"search_term_string"}}],"inLanguage":"en-US"},{"@type":"Organization","@id":"https:\/\/holahausinmobiliaria.es\/#organization","name":"Hello Haus","url":"https:\/\/holahausinmobiliaria.es\/","logo":{"@type":"ImageObject","inLanguage":"en-US","@id":"https:\/\/holahausinmobiliaria.es\/#\/schema\/logo\/image\/","url":"https:\/\/holahausinmobiliaria.es\/wp-content\/uploads\/2023\/11\/131x24-logo.png","contentUrl":"https:\/\/holahausinmobiliaria.es\/wp-content\/uploads\/2023\/11\/131x24-logo.png","width":106,"height":24,"caption":"Hola Haus"},"image":{"@id":"https:\/\/holahausinmobiliaria.es\/#\/schema\/logo\/image\/"},"sameAs":["https:\/\/www.facebook.com\/holahausinmobiliaria","https:\/\/www.youtube.com\/@holahaus","https:\/\/www.instagram.com\/holahausinmobiliaria\/"]}]}},"_links":{"self":[{"href":"https:\/\/holahausinmobiliaria.es\/en\/wp-json\/wp\/v2\/pages\/261","targetHints":{"allow":["GET"]}}],"collection":[{"href":"https:\/\/holahausinmobiliaria.es\/en\/wp-json\/wp\/v2\/pages"}],"about":[{"href":"https:\/\/holahausinmobiliaria.es\/en\/wp-json\/wp\/v2\/types\/page"}],"author":[{"embeddable":true,"href":"https:\/\/holahausinmobiliaria.es\/en\/wp-json\/wp\/v2\/users\/1"}],"replies":[{"embeddable":true,"href":"https:\/\/holahausinmobiliaria.es\/en\/wp-json\/wp\/v2\/comments?post=261"}],"version-history":[{"count":9,"href":"https:\/\/holahausinmobiliaria.es\/en\/wp-json\/wp\/v2\/pages\/261\/revisions"}],"predecessor-version":[{"id":26508,"href":"https:\/\/holahausinmobiliaria.es\/en\/wp-json\/wp\/v2\/pages\/261\/revisions\/26508"}],"wp:attachment":[{"href":"https:\/\/holahausinmobiliaria.es\/en\/wp-json\/wp\/v2\/media?parent=261"}],"curies":[{"name":"wp","href":"https:\/\/api.w.org\/{rel}","templated":true}]}}