{"id":252,"date":"2023-07-25T13:02:45","date_gmt":"2023-07-25T11:02:45","guid":{"rendered":"https:\/\/holahausinmobiliaria.es\/?page_id=252"},"modified":"2026-02-10T13:27:41","modified_gmt":"2026-02-10T12:27:41","slug":"proteccion-de-datos","status":"publish","type":"page","link":"https:\/\/holahausinmobiliaria.es\/en\/proteccion-de-datos\/","title":{"rendered":"Protecci\u00f3n de Datos"},"content":{"rendered":"<div data-elementor-type=\"wp-page\" data-elementor-id=\"252\" class=\"elementor elementor-252\">\n\t\t\t\t<div class=\"elementor-element elementor-element-59cceff e-con-full e-flex e-con e-parent\" data-id=\"59cceff\" data-element_type=\"container\" data-e-type=\"container\" data-settings=\"{&quot;background_background&quot;:&quot;classic&quot;}\">\n\t\t\t\t<\/div>\n\t\t<div class=\"elementor-element elementor-element-ef308e9 hh-hero--bg e-flex e-con-boxed e-con e-parent\" data-id=\"ef308e9\" data-element_type=\"container\" data-e-type=\"container\" data-settings=\"{&quot;background_background&quot;:&quot;classic&quot;}\">\n\t\t\t\t\t<div class=\"e-con-inner\">\n\t\t<div class=\"elementor-element elementor-element-ab57e00 e-con-full e-flex e-con e-child\" data-id=\"ab57e00\" data-element_type=\"container\" data-e-type=\"container\">\n\t\t<div class=\"elementor-element elementor-element-a7f2a2b e-con-full e-flex e-con e-child\" data-id=\"a7f2a2b\" data-element_type=\"container\" data-e-type=\"container\">\n\t\t<div class=\"elementor-element elementor-element-ba11d68 e-con-full e-flex e-con e-child\" data-id=\"ba11d68\" data-element_type=\"container\" data-e-type=\"container\" data-settings=\"{&quot;background_background&quot;:&quot;classic&quot;}\">\n\t\t\t\t<div class=\"elementor-element elementor-element-cab584e elementor-icon-list--layout-inline elementor-list-item-link-full_width elementor-widget elementor-widget-icon-list\" data-id=\"cab584e\" data-element_type=\"widget\" data-e-type=\"widget\" data-widget_type=\"icon-list.default\">\n\t\t\t\t\t\t\t<ul class=\"elementor-icon-list-items elementor-inline-items\">\n\t\t\t\t\t\t\t<li class=\"elementor-icon-list-item elementor-inline-item\">\n\t\t\t\t\t\t\t\t\t\t\t<span class=\"elementor-icon-list-icon\">\n\t\t\t\t\t\t\t<svg aria-hidden=\"true\" class=\"e-font-icon-svg e-fas-shield-alt\" viewbox=\"0 0 512 512\" xmlns=\"http:\/\/www.w3.org\/2000\/svg\"><path d=\"M466.5 83.7l-192-80a48.15 48.15 0 0 0-36.9 0l-192 80C27.7 91.1 16 108.6 16 128c0 198.5 114.5 335.7 221.5 380.3 11.8 4.9 25.1 4.9 36.9 0C360.1 472.6 496 349.3 496 128c0-19.4-11.7-36.9-29.5-44.3zM256.1 446.3l-.1-381 175.9 73.3c-3.3 151.4-82.1 261.1-175.8 307.7z\"><\/path><\/svg>\t\t\t\t\t\t<\/span>\n\t\t\t\t\t\t\t\t\t\t<span class=\"elementor-icon-list-text\">Informaci\u00f3n Legal<\/span>\n\t\t\t\t\t\t\t\t\t<\/li>\n\t\t\t\t\t\t<\/ul>\n\t\t\t\t\t\t<\/div>\n\t\t\t\t<\/div>\n\t\t\t\t<div class=\"elementor-element elementor-element-d29ba18 elementor-widget-tablet__width-initial elementor-widget elementor-widget-heading\" data-id=\"d29ba18\" data-element_type=\"widget\" data-e-type=\"widget\" data-widget_type=\"heading.default\">\n\t\t\t\t\t<h1 class=\"elementor-heading-title elementor-size-default\">Pol\u00edtica de<span style=\"color: #FF4A60\"> Protecci\u00f3n de Datos<\/span><\/h1>\t\t\t\t<\/div>\n\t\t\t\t<div class=\"elementor-element elementor-element-78c9e4e elementor-widget elementor-widget-text-editor\" data-id=\"78c9e4e\" data-element_type=\"widget\" data-e-type=\"widget\" data-widget_type=\"text-editor.default\">\n\t\t\t\t\t\t\t\t\t<p>In Hello Haus we value your privacy and we are committed to protecting your<br \/>datos personales. Aqu\u00ed encontrar\u00e1s toda la informaci\u00f3n sobre c\u00f3mo recopilamos,<br \/>usamos y protegemos tu informaci\u00f3n.<\/p>\t\t\t\t\t\t\t\t<\/div>\n\t\t\t\t<\/div>\n\t\t\t\t<\/div>\n\t\t\t\t\t<\/div>\n\t\t\t\t<\/div>\n\t\t\t\t<section class=\"elementor-section elementor-top-section elementor-element elementor-element-23701e95 elementor-section-boxed elementor-section-height-default elementor-section-height-default\" data-id=\"23701e95\" data-element_type=\"section\" data-e-type=\"section\">\n\t\t\t\t\t\t<div class=\"elementor-container elementor-column-gap-default\">\n\t\t\t\t\t<div class=\"elementor-column elementor-col-100 elementor-top-column elementor-element elementor-element-390d8e63\" data-id=\"390d8e63\" data-element_type=\"column\" data-e-type=\"column\">\n\t\t\t<div class=\"elementor-widget-wrap elementor-element-populated\">\n\t\t\t\t\t\t<div class=\"elementor-element elementor-element-9bd0e59 elementor-widget elementor-widget-text-editor\" data-id=\"9bd0e59\" data-element_type=\"widget\" data-e-type=\"widget\" data-widget_type=\"text-editor.default\">\n\t\t\t\t\t\t\t\t\t<h1>POL\u00cdTICA DE PROTECCI\u00d3N DE DATOS DE CAR\u00c1CTER PERSONAL<\/h1><p>La presente pol\u00edtica de privacidad (la \u00abPol\u00edtica de privacidad\u00bb), tiene por finalidad informarle de manera clara y precisa sobre el tratamiento de los datos de car\u00e1cter personal recabados por HOLA HAUS INMOBILIARIA (\u00abHOLA HAUS\u00bb) a trav\u00e9s del sitio web alojado bajo el nombre de dominio <a href=\"https:\/\/holahausinmobiliaria.es\/en\/\" target=\"_blank\" rel=\"noopener noreferrer\" data-saferedirecturl=\"https:\/\/www.google.com\/url?q=https:\/\/tiko.es\/&amp;source=gmail&amp;ust=1690368579291000&amp;usg=AOvVaw0kES2OICzs32YFbcq_cxMJ\">https:\/\/holahausinmobiliaria.es\/<\/a>\u00a0(el \u00abSitio Web\u00bb) y forma parte, junto con la Pol\u00edtica de Cookies, de los T\u00e9rminos y Condiciones de uso del Sitio Web.<\/p><p>La presente Pol\u00edtica de privacidad s\u00f3lo es aplicable al Sitio Web, entendiendo como tal todas las p\u00e1ginas y subp\u00e1ginas incluidas en el mismo, as\u00ed como a las llamadas telef\u00f3nicas de seguimiento, que podr\u00e1n ser grabadas por motivos de seguridad y acreditaci\u00f3n en caso de que surjan discrepancias, pudiendo el interesado en caso de que se facilitara alg\u00fan dato de car\u00e1cter personal, oponerse expresamente a dicho tratamiento, en cuyo caso no se podr\u00e1 grabar la llamada.<\/p><h2>1. RESPONSIBLE FOR THE TREATMENT<\/h2><p>\u00bfQui\u00e9n es el Responsable del Tratamiento de sus datos personales?<\/p><p>Identity: <strong>Mariano Eduardo Maldjian Mahsardjian en representaci\u00f3n de Hola Haus Inmobiliaria<\/strong><\/p><p>Registered office: <strong>C\/C\u00e1ndido Mateos 35 5to A, 28035, Madrid.<\/strong><\/p><p>ID: <b>60856423X<\/b><\/p><p>Email:\u00a0<strong>contacto@holahausinmobiliaria.es<\/strong><\/p><p>Tel\u00e9fono: <strong>+34 688 837 637<\/strong><\/p><h2>2. PURPOSE<\/h2><p>\u00bfCon qu\u00e9 finalidad tratamos sus datos personales?<\/p><p>En HOLA HAUS\u00a0tratamos la informaci\u00f3n que nos facilitan los interesados con la finalidad de gestionar las relaciones con los usuarios del Sitio Web y, en su caso, con el fin de prestar los servicios o cumplir con las relaciones contractuales existentes entre los usuarios y HOLA HAUS.<\/p><p>Con el fin de poder ofrecerle productos y servicios de acuerdo con sus intereses, elaboraremos un \u201cperfil comercial\u201d, utilizando la informaci\u00f3n facilitada. En caso de que realicemos una oferta de compra sobre su vivienda, una vez acepte la misma, tambi\u00e9n podremos analizar su solvencia econ\u00f3mica, con el objetivo de valorar la idoneidad y riesgo de la operaci\u00f3n. No se tomar\u00e1n decisiones automatizadas con base en dicho perfil.<\/p><p>\u00bfPor cu\u00e1nto tiempo conservaremos sus datos?<\/p><p>Los datos personales proporcionados se conservar\u00e1n mientras no se solicite su supresi\u00f3n por el usuario.<\/p><p>En todo caso, los datos no se conservar\u00e1n m\u00e1s tiempo del necesario para los fines descritos anteriormente, sin perjuicio de la conservaci\u00f3n que resultase necesaria para la formulaci\u00f3n, el ejercicio o la defensa de potenciales reclamaciones y\/o siempre que lo permitiese la legislaci\u00f3n aplicable.<\/p><h2>3. LEGITIMACI\u00d3N<\/h2><p>\u00bfCu\u00e1l es la legitimaci\u00f3n para el tratamiento de sus datos?<\/p><p>La base legal para el tratamiento de datos es el consentimiento del usuario prestado mediante la aceptaci\u00f3n de la cl\u00e1usula de tratamiento de datos y el inter\u00e9s leg\u00edtimo de HOLA HAUS\u00a0en evaluar la idoneidad y riesgo de cada operaci\u00f3n.<\/p><p>En los formularios del Sitio Web, ser\u00e1 necesario que el usuario cumplimente los campos marcados como \u201cobligatorios\u201d. Si no se facilitan todos los datos de car\u00e1cter personal requeridos por HOLA HAUS, podr\u00eda implicar una incompleta atenci\u00f3n de la solicitud requerida o, en su caso, la imposibilidad de acceso a los servicios para cuya prestaci\u00f3n se solicitan los datos de car\u00e1cter personal.<\/p><p>El usuario deber\u00e1 comunicar a HOLA HAUS\u00a0sus datos personales actuales a fin de que la informaci\u00f3n contenida en sus ficheros est\u00e9 actualizada y sin errores.<\/p><p>The user has the right to revoke your consent at any time without affecting retroactively to the processing of personal data carried out up until that point.<\/p><h2>4. RECIPIENTS<\/h2><p>\u00bfA qu\u00e9 destinatarios se comunicar\u00e1n sus datos?<\/p><p>Cualquier comunicaci\u00f3n de datos que realicemos ser\u00e1 siempre respetando sus derechos y en cumplimiento de la normativa de protecci\u00f3n de datos. En este sentido, s\u00f3lo comunicaremos sus datos a proveedores de servicios que nos ayudan a llevar a cabo nuestra actividad, por ejemplo, empresas de investigaci\u00f3n y an\u00e1lisis de riesgo y, en aquellos casos en que sea necesario para cumplir con nuestras obligaciones legales, los datos podr\u00e1n comunicarse a las autoridades p\u00fablicas y a las Fuerzas y Cuerpos de Seguridad del Estado.<\/p><h2>5. RIGHTS<\/h2><p>\u00bfCu\u00e1les son sus derechos cuando nos facilita sus datos personales?<\/p><p>Cualquier usuario tiene derecho a obtener confirmaci\u00f3n sobre si en HOLA HAUS\u00a0estamos tratando datos personales que les conciernan o no.<\/p><p>El usuario puede ejercer su derechode acceso a los datos personales, as\u00ed como solicitar la rectificaci\u00f3n de los datos inexactos o, en su caso, solicitar su supresi\u00f3n cuando los datos ya no sean necesarios para los fines que fueron recogidos.<\/p><p>El usuario podr\u00e1 solicitar la limitaci\u00f3n del tratamiento, en cuyo caso \u00fanicamente ser\u00e1n conservados por HOLA HAUS\u00a0para el ejercicio o defensa de reclamaciones.<\/p><p>El usuario tendr\u00e1 derecho a oponerse al tratamiento, en cuyo caso HOLA HAUS\u00a0dejar\u00e1 de tratar los datos en la forma que el usuario indique, salvo que por motivos leg\u00edtimos o el ejercicio o la defensa de posibles reclamaciones se deban seguir tratando.<\/p><p>El usuario podr\u00e1 ejercitar los derechos referidos anteriormente, en los t\u00e9rminos previstos en la legislaci\u00f3n vigente, en el domicilio social de HOLA HAUS o solicitarlo mediante correo electr\u00f3nico a <strong>contacto@holahausinmobiliaria.es<\/strong><\/p><p>En el supuesto de que no obtenga una respuesta satisfactoria y desee formular una reclamaci\u00f3n u obtener mayor informaci\u00f3n al respecto de cualquiera de estos derechos, puede acudirse a la Agencia Espa\u00f1ola de Protecci\u00f3n de Datos (<a href=\"http:\/\/www.adpd.es\/\" target=\"_blank\" rel=\"noopener\" data-saferedirecturl=\"https:\/\/www.google.com\/url?q=http:\/\/www.adpd.es&amp;source=gmail&amp;ust=1690368579291000&amp;usg=AOvVaw0Krr5mBVy9Hrg4W8xAXqMl\">www.adpd.es<\/a>\u00a0\u2013 C\/ Jorge Juan, 6 de Madrid).<\/p><h2>6. SECURITY MEASURES<\/h2><p>\u00bfQu\u00e9 medidas de seguridad tenemos implementadas?<\/p><p>HOLA HAUS\u00a0garantiza que ha adoptado los niveles de seguridad de protecci\u00f3n de los datos personales legalmente requeridos, acordes al tipo de datos recabados y ha instalado todos los medios y medidas de \u00edndole t\u00e9cnica, personal y organizativa para garantizar la confidencialidad, integridad y calidad de la informaci\u00f3n, as\u00ed como para evitar la p\u00e9rdida, mal uso, alteraci\u00f3n, acceso no autorizado y robo de los datos personales facilitados.<\/p><h2>7. COOKIES<\/h2><p>\u00bfQu\u00e9 medidas de seguridad tenemos implementadas?<\/p><p>El Sitio Web utiliza cookies con la finalidad de proporcionar determinados servicios y funciones, as\u00ed como para ayudar a los usuarios a mejorar su experiencia en l\u00ednea. Puede encontrar m\u00e1s informaci\u00f3n al respecto en nuestra\u00a0<a href=\"https:\/\/holahausinmobiliaria.es\/en\/politica-de-cookies\/\" target=\"_blank\" rel=\"noopener noreferrer\" data-saferedirecturl=\"https:\/\/www.google.com\/url?q=https:\/\/tiko.es\/politica-de-cookies&amp;source=gmail&amp;ust=1690368579291000&amp;usg=AOvVaw2HuCtwoK9F4r5Y2sGAkEid\">Pol\u00edtica de Cookies<\/a>.\u00a0<\/p><p><!-- \/wp:paragraph --><\/p>\t\t\t\t\t\t\t\t<\/div>\n\t\t\t\t\t<\/div>\n\t\t<\/div>\n\t\t\t\t\t<\/div>\n\t\t<\/section>\n\t\t\t\t<\/div>","protected":false},"excerpt":{"rendered":"<p>Informaci\u00f3n Legal Pol\u00edtica de Protecci\u00f3n de Datos En Hola Haus valoramos tu privacidad y nos comprometemos a proteger tusdatos personales. Aqu\u00ed encontrar\u00e1s toda la informaci\u00f3n sobre c\u00f3mo recopilamos,usamos y protegemos tu informaci\u00f3n. POL\u00cdTICA DE PROTECCI\u00d3N DE DATOS DE CAR\u00c1CTER PERSONAL La presente pol\u00edtica de privacidad (la \u00abPol\u00edtica de privacidad\u00bb), tiene por finalidad informarle de manera [&hellip;]<\/p>\n","protected":false},"author":1,"featured_media":0,"parent":0,"menu_order":0,"comment_status":"closed","ping_status":"closed","template":"","meta":{"footnotes":""},"class_list":["post-252","page","type-page","status-publish","hentry"],"yoast_head":"<!-- This site is optimized with the Yoast SEO plugin v27.1.1 - https:\/\/yoast.com\/product\/yoast-seo-wordpress\/ -->\n<title>Protecci\u00f3n de Datos - Hola Haus<\/title>\n<meta name=\"robots\" content=\"index, follow, max-snippet:-1, max-image-preview:large, max-video-preview:-1\" \/>\n<link rel=\"canonical\" href=\"https:\/\/holahausinmobiliaria.es\/en\/proteccion-de-datos\/\" \/>\n<meta property=\"og:locale\" content=\"en_US\" \/>\n<meta property=\"og:type\" content=\"article\" \/>\n<meta property=\"og:title\" content=\"Protecci\u00f3n de Datos - Hola Haus\" \/>\n<meta property=\"og:description\" content=\"Informaci\u00f3n Legal Pol\u00edtica de Protecci\u00f3n de Datos En Hola Haus valoramos tu privacidad y nos comprometemos a proteger tusdatos personales. Aqu\u00ed encontrar\u00e1s toda la informaci\u00f3n sobre c\u00f3mo recopilamos,usamos y protegemos tu informaci\u00f3n. POL\u00cdTICA DE PROTECCI\u00d3N DE DATOS DE CAR\u00c1CTER PERSONAL La presente pol\u00edtica de privacidad (la \u00abPol\u00edtica de privacidad\u00bb), tiene por finalidad informarle de manera [&hellip;]\" \/>\n<meta property=\"og:url\" content=\"https:\/\/holahausinmobiliaria.es\/en\/proteccion-de-datos\/\" \/>\n<meta property=\"og:site_name\" content=\"Hola Haus\" \/>\n<meta property=\"article:publisher\" content=\"https:\/\/www.facebook.com\/holahausinmobiliaria\" \/>\n<meta property=\"article:modified_time\" content=\"2026-02-10T12:27:41+00:00\" \/>\n<meta property=\"og:image\" content=\"https:\/\/holahausinmobiliaria.es\/wp-content\/uploads\/2023\/07\/cropped-Logo_1-1.png\" \/>\n\t<meta property=\"og:image:width\" content=\"1080\" \/>\n\t<meta property=\"og:image:height\" content=\"309\" \/>\n\t<meta property=\"og:image:type\" content=\"image\/png\" \/>\n<meta name=\"twitter:card\" content=\"summary_large_image\" \/>\n<meta name=\"twitter:label1\" content=\"Est. reading time\" \/>\n\t<meta name=\"twitter:data1\" content=\"5 minutes\" \/>\n<script type=\"application\/ld+json\" class=\"yoast-schema-graph\">{\"@context\":\"https:\/\/schema.org\",\"@graph\":[{\"@type\":\"WebPage\",\"@id\":\"https:\/\/holahausinmobiliaria.es\/proteccion-de-datos\/\",\"url\":\"https:\/\/holahausinmobiliaria.es\/proteccion-de-datos\/\",\"name\":\"Protecci\u00f3n de Datos - Hola Haus\",\"isPartOf\":{\"@id\":\"https:\/\/holahausinmobiliaria.es\/#website\"},\"datePublished\":\"2023-07-25T11:02:45+00:00\",\"dateModified\":\"2026-02-10T12:27:41+00:00\",\"breadcrumb\":{\"@id\":\"https:\/\/holahausinmobiliaria.es\/proteccion-de-datos\/#breadcrumb\"},\"inLanguage\":\"en-US\",\"potentialAction\":[{\"@type\":\"ReadAction\",\"target\":[\"https:\/\/holahausinmobiliaria.es\/proteccion-de-datos\/\"]}]},{\"@type\":\"BreadcrumbList\",\"@id\":\"https:\/\/holahausinmobiliaria.es\/proteccion-de-datos\/#breadcrumb\",\"itemListElement\":[{\"@type\":\"ListItem\",\"position\":1,\"name\":\"Portada\",\"item\":\"https:\/\/holahausinmobiliaria.es\/\"},{\"@type\":\"ListItem\",\"position\":2,\"name\":\"Protecci\u00f3n de Datos\"}]},{\"@type\":\"WebSite\",\"@id\":\"https:\/\/holahausinmobiliaria.es\/#website\",\"url\":\"https:\/\/holahausinmobiliaria.es\/\",\"name\":\"H\u00e1blanos, te escuchamos.\",\"description\":\"Propiedades \u00fanicas, experiencias memorables\",\"publisher\":{\"@id\":\"https:\/\/holahausinmobiliaria.es\/#organization\"},\"alternateName\":\"Expertos en servicio al cliente\",\"potentialAction\":[{\"@type\":\"SearchAction\",\"target\":{\"@type\":\"EntryPoint\",\"urlTemplate\":\"https:\/\/holahausinmobiliaria.es\/?s={search_term_string}\"},\"query-input\":{\"@type\":\"PropertyValueSpecification\",\"valueRequired\":true,\"valueName\":\"search_term_string\"}}],\"inLanguage\":\"en-US\"},{\"@type\":\"Organization\",\"@id\":\"https:\/\/holahausinmobiliaria.es\/#organization\",\"name\":\"Hola Haus\",\"url\":\"https:\/\/holahausinmobiliaria.es\/\",\"logo\":{\"@type\":\"ImageObject\",\"inLanguage\":\"en-US\",\"@id\":\"https:\/\/holahausinmobiliaria.es\/#\/schema\/logo\/image\/\",\"url\":\"https:\/\/holahausinmobiliaria.es\/wp-content\/uploads\/2023\/11\/131x24-logo.png\",\"contentUrl\":\"https:\/\/holahausinmobiliaria.es\/wp-content\/uploads\/2023\/11\/131x24-logo.png\",\"width\":106,\"height\":24,\"caption\":\"Hola Haus\"},\"image\":{\"@id\":\"https:\/\/holahausinmobiliaria.es\/#\/schema\/logo\/image\/\"},\"sameAs\":[\"https:\/\/www.facebook.com\/holahausinmobiliaria\",\"https:\/\/www.youtube.com\/@holahaus\",\"https:\/\/www.instagram.com\/holahausinmobiliaria\/\"]}]}<\/script>\n<!-- \/ Yoast SEO plugin. -->","yoast_head_json":{"title":"Protecci\u00f3n de Datos - Hola Haus","robots":{"index":"index","follow":"follow","max-snippet":"max-snippet:-1","max-image-preview":"max-image-preview:large","max-video-preview":"max-video-preview:-1"},"canonical":"https:\/\/holahausinmobiliaria.es\/en\/proteccion-de-datos\/","og_locale":"en_US","og_type":"article","og_title":"Protecci\u00f3n de Datos - Hola Haus","og_description":"Informaci\u00f3n Legal Pol\u00edtica de Protecci\u00f3n de Datos En Hola Haus valoramos tu privacidad y nos comprometemos a proteger tusdatos personales. Aqu\u00ed encontrar\u00e1s toda la informaci\u00f3n sobre c\u00f3mo recopilamos,usamos y protegemos tu informaci\u00f3n. POL\u00cdTICA DE PROTECCI\u00d3N DE DATOS DE CAR\u00c1CTER PERSONAL La presente pol\u00edtica de privacidad (la \u00abPol\u00edtica de privacidad\u00bb), tiene por finalidad informarle de manera [&hellip;]","og_url":"https:\/\/holahausinmobiliaria.es\/en\/proteccion-de-datos\/","og_site_name":"Hola Haus","article_publisher":"https:\/\/www.facebook.com\/holahausinmobiliaria","article_modified_time":"2026-02-10T12:27:41+00:00","og_image":[{"width":1080,"height":309,"url":"https:\/\/holahausinmobiliaria.es\/wp-content\/uploads\/2023\/07\/cropped-Logo_1-1.png","type":"image\/png"}],"twitter_card":"summary_large_image","twitter_misc":{"Est. reading time":"5 minutes"},"schema":{"@context":"https:\/\/schema.org","@graph":[{"@type":"WebPage","@id":"https:\/\/holahausinmobiliaria.es\/proteccion-de-datos\/","url":"https:\/\/holahausinmobiliaria.es\/proteccion-de-datos\/","name":"Protecci\u00f3n de Datos - Hola Haus","isPartOf":{"@id":"https:\/\/holahausinmobiliaria.es\/#website"},"datePublished":"2023-07-25T11:02:45+00:00","dateModified":"2026-02-10T12:27:41+00:00","breadcrumb":{"@id":"https:\/\/holahausinmobiliaria.es\/proteccion-de-datos\/#breadcrumb"},"inLanguage":"en-US","potentialAction":[{"@type":"ReadAction","target":["https:\/\/holahausinmobiliaria.es\/proteccion-de-datos\/"]}]},{"@type":"BreadcrumbList","@id":"https:\/\/holahausinmobiliaria.es\/proteccion-de-datos\/#breadcrumb","itemListElement":[{"@type":"ListItem","position":1,"name":"Portada","item":"https:\/\/holahausinmobiliaria.es\/"},{"@type":"ListItem","position":2,"name":"Protecci\u00f3n de Datos"}]},{"@type":"WebSite","@id":"https:\/\/holahausinmobiliaria.es\/#website","url":"https:\/\/holahausinmobiliaria.es\/","name":"H\u00e1blanos, te escuchamos.","description":"Propiedades \u00fanicas, experiencias memorables","publisher":{"@id":"https:\/\/holahausinmobiliaria.es\/#organization"},"alternateName":"Expertos en servicio al cliente","potentialAction":[{"@type":"SearchAction","target":{"@type":"EntryPoint","urlTemplate":"https:\/\/holahausinmobiliaria.es\/?s={search_term_string}"},"query-input":{"@type":"PropertyValueSpecification","valueRequired":true,"valueName":"search_term_string"}}],"inLanguage":"en-US"},{"@type":"Organization","@id":"https:\/\/holahausinmobiliaria.es\/#organization","name":"Hello Haus","url":"https:\/\/holahausinmobiliaria.es\/","logo":{"@type":"ImageObject","inLanguage":"en-US","@id":"https:\/\/holahausinmobiliaria.es\/#\/schema\/logo\/image\/","url":"https:\/\/holahausinmobiliaria.es\/wp-content\/uploads\/2023\/11\/131x24-logo.png","contentUrl":"https:\/\/holahausinmobiliaria.es\/wp-content\/uploads\/2023\/11\/131x24-logo.png","width":106,"height":24,"caption":"Hola Haus"},"image":{"@id":"https:\/\/holahausinmobiliaria.es\/#\/schema\/logo\/image\/"},"sameAs":["https:\/\/www.facebook.com\/holahausinmobiliaria","https:\/\/www.youtube.com\/@holahaus","https:\/\/www.instagram.com\/holahausinmobiliaria\/"]}]}},"_links":{"self":[{"href":"https:\/\/holahausinmobiliaria.es\/en\/wp-json\/wp\/v2\/pages\/252","targetHints":{"allow":["GET"]}}],"collection":[{"href":"https:\/\/holahausinmobiliaria.es\/en\/wp-json\/wp\/v2\/pages"}],"about":[{"href":"https:\/\/holahausinmobiliaria.es\/en\/wp-json\/wp\/v2\/types\/page"}],"author":[{"embeddable":true,"href":"https:\/\/holahausinmobiliaria.es\/en\/wp-json\/wp\/v2\/users\/1"}],"replies":[{"embeddable":true,"href":"https:\/\/holahausinmobiliaria.es\/en\/wp-json\/wp\/v2\/comments?post=252"}],"version-history":[{"count":6,"href":"https:\/\/holahausinmobiliaria.es\/en\/wp-json\/wp\/v2\/pages\/252\/revisions"}],"predecessor-version":[{"id":26514,"href":"https:\/\/holahausinmobiliaria.es\/en\/wp-json\/wp\/v2\/pages\/252\/revisions\/26514"}],"wp:attachment":[{"href":"https:\/\/holahausinmobiliaria.es\/en\/wp-json\/wp\/v2\/media?parent=252"}],"curies":[{"name":"wp","href":"https:\/\/api.w.org\/{rel}","templated":true}]}}